{"id":10437,"date":"2017-01-07T11:40:04","date_gmt":"2017-01-07T08:40:04","guid":{"rendered":"http:\/\/www.molekulersieve.com\/?page_id=10437"},"modified":"2022-02-01T14:04:19","modified_gmt":"2022-02-01T11:04:19","slug":"purmol","status":"publish","type":"page","link":"https:\/\/www.molekulersieve.com\/en\/purmol\/","title":{"rendered":"PURMOL"},"content":{"rendered":"<p>PURMOL<\/p>\n<p><strong><img loading=\"lazy\" decoding=\"async\" class=\"wp-image-10494 aligncenter\" src=\"http:\/\/www.molekulersieve.com\/wp-content\/uploads\/2017\/01\/zeochem-purmol-damlakimya-1024x579.png\" alt=\"\" width=\"716\" height=\"405\" srcset=\"https:\/\/www.molekulersieve.com\/wp-content\/uploads\/2017\/01\/zeochem-purmol-damlakimya-1024x579.png 1024w, https:\/\/www.molekulersieve.com\/wp-content\/uploads\/2017\/01\/zeochem-purmol-damlakimya-300x170.png 300w, https:\/\/www.molekulersieve.com\/wp-content\/uploads\/2017\/01\/zeochem-purmol-damlakimya-768x434.png 768w, https:\/\/www.molekulersieve.com\/wp-content\/uploads\/2017\/01\/zeochem-purmol-damlakimya-600x339.png 600w, https:\/\/www.molekulersieve.com\/wp-content\/uploads\/2017\/01\/zeochem-purmol-damlakimya-400x226@2x.png 800w, https:\/\/www.molekulersieve.com\/wp-content\/uploads\/2017\/01\/zeochem-purmol-damlakimya-1260x713.png 1260w, https:\/\/www.molekulersieve.com\/wp-content\/uploads\/2017\/01\/zeochem-purmol-damlakimya-615x348.png 615w, https:\/\/www.molekulersieve.com\/wp-content\/uploads\/2017\/01\/zeochem-purmol-damlakimya-400x226.png 400w, https:\/\/www.molekulersieve.com\/wp-content\/uploads\/2017\/01\/zeochem-purmol-damlakimya-292x165.png 292w, https:\/\/www.molekulersieve.com\/wp-content\/uploads\/2017\/01\/zeochem-purmol-damlakimya.png 1639w, https:\/\/www.molekulersieve.com\/wp-content\/uploads\/2017\/01\/zeochem-purmol-damlakimya-768x434@2x.png 1536w, https:\/\/www.molekulersieve.com\/wp-content\/uploads\/2017\/01\/zeochem-purmol-damlakimya-600x339@2x.png 1200w, https:\/\/www.molekulersieve.com\/wp-content\/uploads\/2017\/01\/zeochem-purmol-damlakimya-800x452@2x.png 1600w, https:\/\/www.molekulersieve.com\/wp-content\/uploads\/2017\/01\/zeochem-purmol-damlakimya-615x348@2x.png 1230w, https:\/\/www.molekulersieve.com\/wp-content\/uploads\/2017\/01\/zeochem-purmol-damlakimya-292x165@2x.png 584w\" sizes=\"auto, (max-width: 716px) 100vw, 716px\" \/><\/strong><\/p>\n<p>&nbsp;<\/p>\n<h2>DRYING IN POLYURETHANE SYSTEMS<\/h2>\n<p>PURMOL is a ZEOCHEM product produced in molecular sieve powder and paste (paste) form, which is used in dehumidification in polymer systems, especially in polyurethanes. It is a molecular sieve synthetic zeolite and it contains open pores (pores) in nature that are regular and of certain sizes. These open pores adsorb by showing selectivity according to polarity and molecular measurements of other molecules.<\/p>\n<p>&nbsp;<\/p>\n<h2><em>PURMOL Dehumidifier Application Fields :<\/em><\/h2>\n<ul>\n<li>Polyurethane Wood Imitation<\/li>\n<li>Polyurethane Floor Coating<\/li>\n<li>Polyurethane Adhesives<\/li>\n<li>Polyurethane Paints<\/li>\n<li>Polyurethane Filling<\/li>\n<li>Polyurethane Paste<\/li>\n<li>Adhesive, Mastic<\/li>\n<li>Furniture in mold casting<\/li>\n<li>Pigment and Solvent<\/li>\n<li>Glass insulation<\/li>\n<li>papermaking<\/li>\n<li>Desiccant additive in Construction Chemicals<\/li>\n<\/ul>\n<h2><\/h2>\n<h2>PURMOL PRODUCTS:<\/h2>\n<h4>PURMOL\u00a03ST\u00a0\u00a0\u00a0\u00a0 (\u00a03A\u00a0)<br \/>\nPURMOL\u00a03STH\u00a0\u00a0 (\u00a03A\u00a0)\u00a0\u00a0Longer pot-life time &#8211; Viscosity Fixation<br \/>\nPURMOL 4ST\u00a0\u00a0\u00a0\u00a0 ( 4A )<\/h4>\n<p>&nbsp;<\/p>\n<p><img loading=\"lazy\" decoding=\"async\" class=\"size-medium wp-image-10332 alignleft\" src=\"http:\/\/www.molekulersieve.com\/wp-content\/uploads\/2015\/04\/ah\u015fap-taklidi-POL\u0130\u00dcRETAN-NEM-ALICI-kopya-e1483692880542-300x169.jpg\" alt=\"\" width=\"300\" height=\"169\" srcset=\"https:\/\/www.molekulersieve.com\/wp-content\/uploads\/2015\/04\/ah\u015fap-taklidi-POL\u0130\u00dcRETAN-NEM-ALICI-kopya-e1483692880542-300x169.jpg 300w, https:\/\/www.molekulersieve.com\/wp-content\/uploads\/2015\/04\/ah\u015fap-taklidi-POL\u0130\u00dcRETAN-NEM-ALICI-kopya-e1483692880542-768x433.jpg 768w, https:\/\/www.molekulersieve.com\/wp-content\/uploads\/2015\/04\/ah\u015fap-taklidi-POL\u0130\u00dcRETAN-NEM-ALICI-kopya-e1483692880542-1024x578.jpg 1024w, https:\/\/www.molekulersieve.com\/wp-content\/uploads\/2015\/04\/ah\u015fap-taklidi-POL\u0130\u00dcRETAN-NEM-ALICI-kopya-e1483692880542-600x338.jpg 600w, https:\/\/www.molekulersieve.com\/wp-content\/uploads\/2015\/04\/ah\u015fap-taklidi-POL\u0130\u00dcRETAN-NEM-ALICI-kopya-e1483692880542-800x451.jpg 800w, https:\/\/www.molekulersieve.com\/wp-content\/uploads\/2015\/04\/ah\u015fap-taklidi-POL\u0130\u00dcRETAN-NEM-ALICI-kopya-e1483692880542-615x347.jpg 615w, https:\/\/www.molekulersieve.com\/wp-content\/uploads\/2015\/04\/ah\u015fap-taklidi-POL\u0130\u00dcRETAN-NEM-ALICI-kopya-e1483692880542-400x226.jpg 400w, https:\/\/www.molekulersieve.com\/wp-content\/uploads\/2015\/04\/ah\u015fap-taklidi-POL\u0130\u00dcRETAN-NEM-ALICI-kopya-e1483692880542-292x165.jpg 292w, https:\/\/www.molekulersieve.com\/wp-content\/uploads\/2015\/04\/ah\u015fap-taklidi-POL\u0130\u00dcRETAN-NEM-ALICI-kopya-e1483692880542.jpg 1030w\" sizes=\"auto, (max-width: 300px) 100vw, 300px\" \/><\/p>","protected":false},"excerpt":{"rendered":"<p>PURMOL &nbsp; DRYING IN POLYURETHANE SYSTEMS PURMOL is a ZEOCHEM product produced in molecular sieve powder and paste (paste) form, which is used in dehumidification in polymer systems, especially in polyurethanes. It is a molecular sieve synthetic zeolite and it contains open pores (pores) in nature that are regular and of certain sizes. These open&#8230;<\/p>\n","protected":false},"author":1,"featured_media":0,"parent":0,"menu_order":0,"comment_status":"closed","ping_status":"closed","template":"","meta":{"footnotes":""},"class_list":["post-10437","page","type-page","status-publish","hentry"],"aioseo_notices":[],"_links":{"self":[{"href":"https:\/\/www.molekulersieve.com\/en\/wp-json\/wp\/v2\/pages\/10437","targetHints":{"allow":["GET"]}}],"collection":[{"href":"https:\/\/www.molekulersieve.com\/en\/wp-json\/wp\/v2\/pages"}],"about":[{"href":"https:\/\/www.molekulersieve.com\/en\/wp-json\/wp\/v2\/types\/page"}],"author":[{"embeddable":true,"href":"https:\/\/www.molekulersieve.com\/en\/wp-json\/wp\/v2\/users\/1"}],"replies":[{"embeddable":true,"href":"https:\/\/www.molekulersieve.com\/en\/wp-json\/wp\/v2\/comments?post=10437"}],"version-history":[{"count":5,"href":"https:\/\/www.molekulersieve.com\/en\/wp-json\/wp\/v2\/pages\/10437\/revisions"}],"predecessor-version":[{"id":10891,"href":"https:\/\/www.molekulersieve.com\/en\/wp-json\/wp\/v2\/pages\/10437\/revisions\/10891"}],"wp:attachment":[{"href":"https:\/\/www.molekulersieve.com\/en\/wp-json\/wp\/v2\/media?parent=10437"}],"curies":[{"name":"wp","href":"https:\/\/api.w.org\/{rel}","templated":true}]}}